{"id":19,"date":"2014-01-02T15:25:50","date_gmt":"2014-01-02T15:25:50","guid":{"rendered":"http:\/\/eifelschrat.de\/?page_id=19"},"modified":"2017-08-15T13:14:02","modified_gmt":"2017-08-15T13:14:02","slug":"das-schrat-team","status":"publish","type":"page","link":"https:\/\/eifelschrat.de\/?page_id=19","title":{"rendered":"Das Schrat-Team"},"content":{"rendered":"<p>Wer wir sind:<\/p>\n<p>Vater, Mutter und Sohn, Wanderer, Geocacher, Hobbyfotografen, Naturgenie\u00dfer, Hobby-K\u00f6che und Blogger &#8211; Eifelschrat, -Schr\u00e4tin und Harz-Schrat<\/p>\n<p>Der Eifelschrat:<\/p>\n<p>In der Nordeifel sind wir zuhause. Arno Kaminski hei\u00dfe ich und wohne mit meiner Familie am n\u00f6rdlichen Rand der Eifel. Aber egal ob am Rand oder mittendrin: Hauptsache Eifel.<br \/>\nIch finde, dass die Eifel einer der sch\u00f6nsten und vielseitigsten Landschaften Deutschlands ist. Wandern ist Familienhobby wie auch der Eifelverein.<br \/>\nIm Blog bin ich zust\u00e4ndig f\u00fcr <strong>Wandern, Geocaching, Heimatkunde<\/strong> und <strong>Natur<\/strong>. Und <strong>Fotografieren<\/strong> geh\u00f6rt wohl bei uns allen irgendwie dazu.<\/p>\n<p>Die Eifelschr\u00e4tin<\/p>\n<p>Das bin ich, Barbara Bailly-Kaminski. Ich bin gerne in der Natur unterwegs. Neben dem Familienhobby und einigen anderen Dingen, die ich mit meinem Mann teile, handarbeite ich gerne.<\/p>\n<p>Der Harz-Schrat:<\/p>\n<p>Hinter diesem Synonym stecke ich, Michael Kaminski. Ich habe den Harz zu meiner Wahlheimat gemacht, nach der Eifel das vielleicht zweitsch\u00f6nste Mittelgebirge in Deutschland. Ich bin hier zust\u00e4ndig f\u00fcr\u00a0<strong>Kochen<\/strong>,\u00a0<strong>Fotografie<\/strong>\u00a0und\u00a0<strong>Jagd<\/strong><\/p>\n","protected":false},"excerpt":{"rendered":"<p>Wer wir sind: Vater, Mutter und Sohn, Wanderer, Geocacher, Hobbyfotografen, Naturgenie\u00dfer, Hobby-K\u00f6che und Blogger &#8211; Eifelschrat, -Schr\u00e4tin und Harz-Schrat Der Eifelschrat: In der Nordeifel sind wir zuhause. Arno Kaminski hei\u00dfe ich und wohne mit meiner Familie am n\u00f6rdlichen Rand der Eifel. Aber egal ob am Rand oder mittendrin: Hauptsache Eifel. Ich finde, dass die Eifel [&hellip;]<\/p>\n","protected":false},"author":3,"featured_media":0,"parent":0,"menu_order":0,"comment_status":"closed","ping_status":"closed","template":"","meta":{"jetpack_post_was_ever_published":false,"footnotes":""},"class_list":["post-19","page","type-page","status-publish","hentry","post-preview"],"jetpack_shortlink":"https:\/\/wp.me\/P4dkHF-j","jetpack_sharing_enabled":true,"jetpack_likes_enabled":true,"_links":{"self":[{"href":"https:\/\/eifelschrat.de\/index.php?rest_route=\/wp\/v2\/pages\/19","targetHints":{"allow":["GET"]}}],"collection":[{"href":"https:\/\/eifelschrat.de\/index.php?rest_route=\/wp\/v2\/pages"}],"about":[{"href":"https:\/\/eifelschrat.de\/index.php?rest_route=\/wp\/v2\/types\/page"}],"author":[{"embeddable":true,"href":"https:\/\/eifelschrat.de\/index.php?rest_route=\/wp\/v2\/users\/3"}],"replies":[{"embeddable":true,"href":"https:\/\/eifelschrat.de\/index.php?rest_route=%2Fwp%2Fv2%2Fcomments&post=19"}],"version-history":[{"count":6,"href":"https:\/\/eifelschrat.de\/index.php?rest_route=\/wp\/v2\/pages\/19\/revisions"}],"predecessor-version":[{"id":234,"href":"https:\/\/eifelschrat.de\/index.php?rest_route=\/wp\/v2\/pages\/19\/revisions\/234"}],"wp:attachment":[{"href":"https:\/\/eifelschrat.de\/index.php?rest_route=%2Fwp%2Fv2%2Fmedia&parent=19"}],"curies":[{"name":"wp","href":"https:\/\/api.w.org\/{rel}","templated":true}]}}